{"id":276,"date":"2022-09-28T12:43:16","date_gmt":"2022-09-28T10:43:16","guid":{"rendered":"https:\/\/villa-am-wasserpark.com\/\/contact\/"},"modified":"2026-04-29T12:51:25","modified_gmt":"2026-04-29T10:51:25","slug":"contact","status":"publish","type":"page","link":"https:\/\/villa-am-wasserpark.com\/en\/contact\/","title":{"rendered":"Contact"},"content":{"rendered":"\n<style type=\"text\/css\" data-created_by=\"avia_inline_auto\" id=\"style-css-av-5nf4t-fe2520efc3d8490edc714eb90569bc2c\">\n.avia-section.av-5nf4t-fe2520efc3d8490edc714eb90569bc2c{\nbackground-color:#c4ac7d;\nbackground-image:unset;\n}\n<\/style>\n<div id='av_section_1'  class='avia-section av-5nf4t-fe2520efc3d8490edc714eb90569bc2c main_color avia-section-default avia-no-border-styling  avia-builder-el-0  el_before_av_section  avia-builder-el-first  avia-bg-style-scroll container_wrap fullsize'  ><div class='container av-section-cont-open' ><main  role=\"main\" itemprop=\"mainContentOfPage\"  class='template-page content  av-content-full alpha units'><div class='post-entry post-entry-type-page post-entry-276'><div class='entry-content-wrapper clearfix'>\n<div  class='flex_column av-57idd-8cef6cf68aa0caa49557c12a4a214e1b av_one_third  avia-builder-el-1  el_before_av_one_third  avia-builder-el-first  first flex_column_div  '     ><style type=\"text\/css\" data-created_by=\"avia_inline_auto\" id=\"style-css-av-l8lhzd2y-8fc0e95762acb451099fce5c0bd35150\">\n#top .avia-icon-list-container.av-l8lhzd2y-8fc0e95762acb451099fce5c0bd35150 .iconlist_icon{\nbackground-color:#c4ac7d;\n}\n.avia-icon-list-container.av-l8lhzd2y-8fc0e95762acb451099fce5c0bd35150 .iconlist_content{\ncolor:#ffffff;\n}\n<\/style>\n<div  class='avia-icon-list-container av-l8lhzd2y-8fc0e95762acb451099fce5c0bd35150  avia-builder-el-2  avia-builder-el-no-sibling '><ul class='avia-icon-list avia_animate_when_almost_visible avia-icon-list-left av-iconlist-big av-l8lhzd2y-8fc0e95762acb451099fce5c0bd35150 avia-iconlist-animate'>\n<li><div class='iconlist_icon av-l8lhz8nh-9a8a0d16505dbd800354a56480087e68 avia-font-entypo-fontello avia-iconfont avia-font-entypo-fontello'><span class='av-icon-char' data-av_icon='\ue821' data-av_iconfont='entypo-fontello' aria-hidden=\"true\"><\/span><\/div><article class=\"article-icon-entry \"  itemscope=\"itemscope\" itemtype=\"https:\/\/schema.org\/CreativeWork\" ><div class=\"iconlist_content_wrap\"><header class=\"entry-content-header\" aria-label=\"Icon: \"><\/header><div class='iconlist_content av_inherit_color'  itemprop=\"text\" ><p>Hotel Arena Villa am Wasserpark<br \/>\nFriedberger Landstrasse 285<br \/>\n60389 Frankfurt am Main<\/p>\n<\/div><\/div><footer class=\"entry-footer\"><\/footer><\/article><div class=\"iconlist-timeline\"><\/div><\/li>\n<\/ul><\/div><\/div><div  class='flex_column av-3nvd1-5f004f8dfe10ed5d785ef5eb8b519aea av_one_third  avia-builder-el-3  el_after_av_one_third  el_before_av_one_third  flex_column_div  '     ><style type=\"text\/css\" data-created_by=\"avia_inline_auto\" id=\"style-css-av-l8li0xtr-b33ddeb250a3840d03cf0c99929e4f36\">\n#top .avia-icon-list-container.av-l8li0xtr-b33ddeb250a3840d03cf0c99929e4f36 .iconlist_icon{\nbackground-color:#c4ac7d;\n}\n.avia-icon-list-container.av-l8li0xtr-b33ddeb250a3840d03cf0c99929e4f36 .iconlist_content{\ncolor:#ffffff;\n}\n<\/style>\n<div  class='avia-icon-list-container av-l8li0xtr-b33ddeb250a3840d03cf0c99929e4f36  avia-builder-el-4  avia-builder-el-no-sibling '><ul class='avia-icon-list avia_animate_when_almost_visible avia-icon-list-left av-iconlist-big av-l8li0xtr-b33ddeb250a3840d03cf0c99929e4f36 avia-iconlist-animate'>\n<li><div class='iconlist_icon av-l8li0wkt-675fc86c3f3534c382465097b4e119ab avia-font-entypo-fontello avia-iconfont avia-font-entypo-fontello'><span class='av-icon-char' data-av_icon='\ue854' data-av_iconfont='entypo-fontello' aria-hidden=\"true\"><\/span><\/div><article class=\"article-icon-entry \"  itemscope=\"itemscope\" itemtype=\"https:\/\/schema.org\/CreativeWork\" ><div class=\"iconlist_content_wrap\"><header class=\"entry-content-header\" aria-label=\"Icon: \"><\/header><div class='iconlist_content av_inherit_color'  itemprop=\"text\" ><p><a href=\"tel:+4969460902520\">+49 69 46090252-0<\/a><\/p>\n<\/div><\/div><footer class=\"entry-footer\"><\/footer><\/article><div class=\"iconlist-timeline\"><\/div><\/li>\n<li><div class='iconlist_icon av-l8li0wkt-1-78a9054dfd9dc8e8fec295f68683a561 avia-font-entypo-fontello avia-iconfont avia-font-entypo-fontello'><span class='av-icon-char' data-av_icon='\ue838' data-av_iconfont='entypo-fontello' aria-hidden=\"true\"><\/span><\/div><article class=\"article-icon-entry \"  itemscope=\"itemscope\" itemtype=\"https:\/\/schema.org\/CreativeWork\" ><div class=\"iconlist_content_wrap\"><header class=\"entry-content-header\" aria-label=\"Icon: \"><\/header><div class='iconlist_content av_inherit_color'  itemprop=\"text\" ><p>+49 69 46090252-19<\/p>\n<\/div><\/div><footer class=\"entry-footer\"><\/footer><\/article><div class=\"iconlist-timeline\"><\/div><\/li>\n<li><div class='iconlist_icon av-l96ypyr0-a5646067d0cac7925441641e0a9b26eb avia-font-entypo-fontello avia-iconfont avia-font-entypo-fontello'><span class='av-icon-char' data-av_icon='\ue8b1' data-av_iconfont='entypo-fontello' aria-hidden=\"true\"><\/span><\/div><article class=\"article-icon-entry \"  itemscope=\"itemscope\" itemtype=\"https:\/\/schema.org\/CreativeWork\" ><div class=\"iconlist_content_wrap\"><header class=\"entry-content-header\" aria-label=\"Icon: \"><\/header><div class='iconlist_content av_inherit_color'  itemprop=\"text\" ><p><a href=\"#\">https:\/\/villa.hotel-arena-frankfurt.com<\/a><\/p>\n<\/div><\/div><footer class=\"entry-footer\"><\/footer><\/article><div class=\"iconlist-timeline\"><\/div><\/li>\n<li><div class='iconlist_icon av-leqzbnwo-7e16d62e45730a5e5dec0e00d9139323 avia-font-entypo-fontello avia-iconfont avia-font-entypo-fontello'><span class='av-icon-char' data-av_icon='\ue82d' data-av_iconfont='entypo-fontello' aria-hidden=\"true\"><\/span><\/div><article class=\"article-icon-entry \"  itemscope=\"itemscope\" itemtype=\"https:\/\/schema.org\/CreativeWork\" ><div class=\"iconlist_content_wrap\"><header class=\"entry-content-header\" aria-label=\"Icon: \"><\/header><div class='iconlist_content av_inherit_color'  itemprop=\"text\" ><p><a href=\"https:\/\/villa-am-wasserpark.com\/wp-content\/uploads\/Arena Villa am Wasserpark.vcf\" data-wplink-url-error=\"true\">Download contakt as a vcf file<\/a><\/p>\n<\/div><\/div><footer class=\"entry-footer\"><\/footer><\/article><div class=\"iconlist-timeline\"><\/div><\/li>\n<\/ul><\/div><\/div><div  class='flex_column av-16n0l-ca0f0fc7c16c6c28f0189f2f664bd615 av_one_third  avia-builder-el-5  el_after_av_one_third  avia-builder-el-last  flex_column_div  '     ><style type=\"text\/css\" data-created_by=\"avia_inline_auto\" id=\"style-css-av-l8liwasq-9e791a535360035627e5cec386689359\">\n#top .avia-icon-list-container.av-l8liwasq-9e791a535360035627e5cec386689359 .iconlist_icon{\nbackground-color:#c4ac7d;\n}\n.avia-icon-list-container.av-l8liwasq-9e791a535360035627e5cec386689359 .iconlist_content{\ncolor:#ffffff;\n}\n<\/style>\n<div  class='avia-icon-list-container av-l8liwasq-9e791a535360035627e5cec386689359  avia-builder-el-6  avia-builder-el-no-sibling '><ul class='avia-icon-list avia_animate_when_almost_visible avia-icon-list-left av-iconlist-big av-l8liwasq-9e791a535360035627e5cec386689359 avia-iconlist-animate'>\n<li><div class='iconlist_icon av-l8liw9ps-270c744047ed9ba624d74ddbbd1e2a11 avia-font-entypo-fontello avia-iconfont avia-font-entypo-fontello'><span class='av-icon-char' data-av_icon='\ue8ac' data-av_iconfont='entypo-fontello' aria-hidden=\"true\"><\/span><\/div><article class=\"article-icon-entry \"  itemscope=\"itemscope\" itemtype=\"https:\/\/schema.org\/CreativeWork\" ><div class=\"iconlist_content_wrap\"><header class=\"entry-content-header\" aria-label=\"Icon: \"><\/header><div class='iconlist_content av_inherit_color'  itemprop=\"text\" ><p><img loading=\"lazy\" decoding=\"async\" class=\"alignnone size-full wp-image-88\" title=\"Scan with your smartphone's camera to view our contact.\" src=\"https:\/\/villa-am-wasserpark.com\/\/wp-content\/uploads\/QR-VCARD_VAW.png\" alt=\"qr-code kontakt\" width=\"150\" height=\"150\" \/><br \/>\nScan with your smartphone&#8217;s camera to view our contact.<\/p>\n<\/div><\/div><footer class=\"entry-footer\"><\/footer><\/article><div class=\"iconlist-timeline\"><\/div><\/li>\n<li><div class='iconlist_icon av-m8x2sk0u-a9ab27ced304a9e6ae19d6c67aaed366 avia-font-entypo-fontello avia-iconfont avia-font-entypo-fontello'><span class='av-icon-char' data-av_icon='\uf232' data-av_iconfont='entypo-fontello' aria-hidden=\"true\"><\/span><\/div><article class=\"article-icon-entry \"  itemscope=\"itemscope\" itemtype=\"https:\/\/schema.org\/CreativeWork\" ><div class=\"iconlist_content_wrap\"><header class=\"entry-content-header\" aria-label=\"Icon: \"><\/header><div class='iconlist_content av_inherit_color'  itemprop=\"text\" ><p><a href=\"https:\/\/wa.me\/+4969460902520\" target=\"_blank\" rel=\"noopener\"><img loading=\"lazy\" decoding=\"async\" class=\"alignnone size-full wp-image-1324\" src=\"https:\/\/villa-am-wasserpark.com\/wp-content\/uploads\/QR-WEB_https___wa.me_4969460902520_2025.03.31_11.08.02.png\" alt=\"WhatsApp QR-Code\" width=\"150\" height=\"150\" srcset=\"https:\/\/villa-am-wasserpark.com\/wp-content\/uploads\/QR-WEB_https___wa.me_4969460902520_2025.03.31_11.08.02.png 174w, https:\/\/villa-am-wasserpark.com\/wp-content\/uploads\/QR-WEB_https___wa.me_4969460902520_2025.03.31_11.08.02-80x80.png 80w, https:\/\/villa-am-wasserpark.com\/wp-content\/uploads\/QR-WEB_https___wa.me_4969460902520_2025.03.31_11.08.02-36x36.png 36w\" sizes=\"auto, (max-width: 150px) 100vw, 150px\" \/><\/a><br \/>\nScan with your smartphone&#8217;s camera to send a WhatsApp message.<\/p>\n<\/div><\/div><footer class=\"entry-footer\"><\/footer><\/article><div class=\"iconlist-timeline\"><\/div><\/li>\n<\/ul><\/div><\/div><\/div><\/div><\/main><!-- close content main element --><\/div><\/div>\n<style type=\"text\/css\" data-created_by=\"avia_inline_auto\" id=\"style-css-av-35wu1-7b51a4e8d31002691752330c6ca32eb7\">\n.avia-section.av-35wu1-7b51a4e8d31002691752330c6ca32eb7{\nbackground-color:#c4b391;\nbackground-image:unset;\n}\n<\/style>\n<div id='kontaktform'  class='avia-section av-35wu1-7b51a4e8d31002691752330c6ca32eb7 main_color avia-section-default avia-no-shadow  avia-builder-el-7  el_after_av_section  el_before_av_one_full  avia-bg-style-scroll container_wrap fullsize'  ><div class='container av-section-cont-open' ><div class='template-page content  av-content-full alpha units'><div class='post-entry post-entry-type-page post-entry-276'><div class='entry-content-wrapper clearfix'>\n<form action=\"https:\/\/villa-am-wasserpark.com\/en\/contact\/\" method=\"post\" data-fields-with-error=\"Found errors in the following field(s):\" class=\"avia_ajax_form av-form-labels-hidden   avia-builder-el-8  avia-builder-el-no-sibling  av-custom-form-color av-light-form \" data-avia-form-id=\"1\" data-avia-redirect='' ><h2 class=''>Contact form<\/h2><fieldset><p class='  first_form  form_element form_fullwidth' id='element_avia_1_1'><label for=\"avia_1_1\">Name <abbr class=\"required\" title=\"required\">*<\/abbr><\/label> <input name=\"avia_1_1\" class=\"text_input is_empty\" type=\"text\" id=\"avia_1_1\" value=\"\"  placeholder='Name*'\/><\/p><p class='  first_form  form_element form_fullwidth' id='element_avia_2_1'><label for=\"avia_2_1\">E-mail <abbr class=\"required\" title=\"required\">*<\/abbr><\/label> <input name=\"avia_2_1\" class=\"text_input is_email\" type=\"text\" id=\"avia_2_1\" value=\"\"  placeholder='E-mail*'\/><\/p><p class='  first_form  form_element form_fullwidth' id='element_avia_3_1'><label for=\"avia_3_1\">Subject <abbr class=\"required\" title=\"required\">*<\/abbr><\/label> <input name=\"avia_3_1\" class=\"text_input is_empty\" type=\"text\" id=\"avia_3_1\" value=\"\"  placeholder='Subject*'\/><\/p><p class='  first_form  form_element form_fullwidth' id='element_avia_4_1'><label for=\"avia_4_1\" class=\"textare_label hidden textare_label_avia_4_1\">Message <abbr class=\"required\" title=\"required\">*<\/abbr><\/label><textarea  placeholder='Message*' name=\"avia_4_1\" class=\"text_area is_empty\" cols=\"40\" rows=\"7\" id=\"avia_4_1\" ><\/textarea><\/p><p class='  first_form  form_element form_fullwidth' id='element_avia_5_1'><input  name=\"avia_5_1\" class=\"input_checkbox is_empty\" type=\"checkbox\" id=\"avia_5_1\" value=\"true\"\/><label class=\"input_checkbox_label\" for=\"avia_5_1\">I have read the <a href=\"https:\/\/villa-am-wasserpark.com\/en\/privacy-policy\/\"\" target=\"\"_blank\"\" rel=\"\"noopener\">data protection declaration<\/a> and accept it. I agree to the storage and use of my personal data and my preferences their transmission to the third-party provider of the online booking system as part of the agreed service. <abbr class=\"required\" title=\"required\">*<\/abbr><\/label><\/p><p class=\"hidden\"><input type=\"text\" name=\"avia_6_1\" class=\"hidden \" id=\"avia_6_1\" value=\"\" \/><\/p><div id='avia_7_1' class='av-recaptcha-area  first_form  form_element form_fullwidth '  data-container_class=\"\" data-custom_class=\"\" data-context=\"av_contact_form\" data-token_input=\"av_recaptcha_token\" data-version=\"avia_recaptcha_v3\" data-theme=\"light\" data-size=\"normal\" data-score=\"0.5\" data-text_to_preview=\"\" data-value=\"\"><div class=\"av-google-badge-message hidden\">This site is protected by reCAPTCHA and the Google <a href=\"https:\/\/policies.google.com\/privacy\">Privacy Policy<\/a> and <a href=\"https:\/\/policies.google.com\/terms\">Terms of Service<\/a> apply.<\/div><\/div><p class=\"form_element \"><input type=\"hidden\" value=\"1\" name=\"avia_generated_form1\" \/><input type=\"submit\" value=\"Send\" class=\"button\"  data-sending-label=\"Sending\"\/><\/p><\/fieldset><div class=\"avia-disabled-form\">This contact form is deactivated because you refused to accept Google reCaptcha service which is necessary to validate any messages sent by the form.<\/div><\/form><div id=\"ajaxresponse_1\" class=\"ajaxresponse ajaxresponse_1 hidden\"><\/div>\n<\/div><\/div><\/div><!-- close content main div --><\/div><\/div><div id='after_section_2'  class='main_color av_default_container_wrap container_wrap fullsize'  ><div class='container av-section-cont-open' ><div class='template-page content  av-content-full alpha units'><div class='post-entry post-entry-type-page post-entry-276'><div class='entry-content-wrapper clearfix'><div  class='flex_column av-10u55-7644c85eb99617398b02d3756c0615ba av_one_full  avia-builder-el-9  el_after_av_section  avia-builder-el-no-sibling  first flex_column_div  '     ><style type=\"text\/css\" data-created_by=\"avia_inline_auto\" id=\"style-css-av-m42qlqnp-d68ae79b8c68857f6bbb00da99d35d9a\">\n#top .av_textblock_section.av-m42qlqnp-d68ae79b8c68857f6bbb00da99d35d9a .avia_textblock{\ncolor:#ffffff;\n}\n<\/style>\n<section  class='av_textblock_section av-m42qlqnp-d68ae79b8c68857f6bbb00da99d35d9a '   itemscope=\"itemscope\" itemtype=\"https:\/\/schema.org\/CreativeWork\" ><div class='avia_textblock av_inherit_color'  itemprop=\"text\" ><p>Die Cookie-Einstellungen k\u00f6nnen \u00fcber den Schloss-Button unten links auf ihrem Bildschirm ge\u00e4ndert werden.<\/p>\n<\/div><\/section><\/div><\/p>\n","protected":false},"excerpt":{"rendered":"","protected":false},"author":1,"featured_media":0,"parent":0,"menu_order":0,"comment_status":"closed","ping_status":"closed","template":"","meta":{"footnotes":""},"class_list":["post-276","page","type-page","status-publish","hentry"],"yoast_head":"<!-- This site is optimized with the Yoast SEO plugin v26.2 - https:\/\/yoast.com\/wordpress\/plugins\/seo\/ -->\n<title>Contact - Hotel Arena Villa am Wasserpark in Frankfurt<\/title>\n<meta name=\"robots\" content=\"index, follow, max-snippet:-1, max-image-preview:large, max-video-preview:-1\" \/>\n<link rel=\"canonical\" href=\"https:\/\/villa-am-wasserpark.com\/en\/contact\/\" \/>\n<meta property=\"og:locale\" content=\"en_US\" \/>\n<meta property=\"og:type\" content=\"article\" \/>\n<meta property=\"og:title\" content=\"Contact - Hotel Arena Villa am Wasserpark in Frankfurt\" \/>\n<meta property=\"og:url\" content=\"https:\/\/villa-am-wasserpark.com\/en\/contact\/\" \/>\n<meta property=\"og:site_name\" content=\"Hotel Arena Villa am Wasserpark in Frankfurt\" \/>\n<meta property=\"article:modified_time\" content=\"2026-04-29T10:51:25+00:00\" \/>\n<meta name=\"twitter:card\" content=\"summary_large_image\" \/>\n<meta name=\"twitter:label1\" content=\"Est. reading time\" \/>\n\t<meta name=\"twitter:data1\" content=\"2 minutes\" \/>\n<script type=\"application\/ld+json\" class=\"yoast-schema-graph\">{\"@context\":\"https:\/\/schema.org\",\"@graph\":[{\"@type\":\"WebPage\",\"@id\":\"https:\/\/villa-am-wasserpark.com\/en\/contact\/\",\"url\":\"https:\/\/villa-am-wasserpark.com\/en\/contact\/\",\"name\":\"Contact - Hotel Arena Villa am Wasserpark in Frankfurt\",\"isPartOf\":{\"@id\":\"https:\/\/villa-am-wasserpark.com\/en\/#website\"},\"primaryImageOfPage\":{\"@id\":\"https:\/\/villa-am-wasserpark.com\/en\/contact\/#primaryimage\"},\"image\":{\"@id\":\"https:\/\/villa-am-wasserpark.com\/en\/contact\/#primaryimage\"},\"thumbnailUrl\":\"https:\/\/villa-am-wasserpark.com\/\/wp-content\/uploads\/QR-VCARD_VAW.png\",\"datePublished\":\"2022-09-28T10:43:16+00:00\",\"dateModified\":\"2026-04-29T10:51:25+00:00\",\"breadcrumb\":{\"@id\":\"https:\/\/villa-am-wasserpark.com\/en\/contact\/#breadcrumb\"},\"inLanguage\":\"en-US\",\"potentialAction\":[{\"@type\":\"ReadAction\",\"target\":[\"https:\/\/villa-am-wasserpark.com\/en\/contact\/\"]}]},{\"@type\":\"ImageObject\",\"inLanguage\":\"en-US\",\"@id\":\"https:\/\/villa-am-wasserpark.com\/en\/contact\/#primaryimage\",\"url\":\"https:\/\/villa-am-wasserpark.com\/\/wp-content\/uploads\/QR-VCARD_VAW.png\",\"contentUrl\":\"https:\/\/villa-am-wasserpark.com\/\/wp-content\/uploads\/QR-VCARD_VAW.png\"},{\"@type\":\"BreadcrumbList\",\"@id\":\"https:\/\/villa-am-wasserpark.com\/en\/contact\/#breadcrumb\",\"itemListElement\":[{\"@type\":\"ListItem\",\"position\":1,\"name\":\"Startseite\",\"item\":\"https:\/\/villa-am-wasserpark.com\/en\/\"},{\"@type\":\"ListItem\",\"position\":2,\"name\":\"Contact\"}]},{\"@type\":\"WebSite\",\"@id\":\"https:\/\/villa-am-wasserpark.com\/en\/#website\",\"url\":\"https:\/\/villa-am-wasserpark.com\/en\/\",\"name\":\"Hotel Arena Villa am Wasserpark in Frankfurt\",\"description\":\"Moderne Stadthotels mit internationaler Atmosp\u00e4re in finanzieller Metropole Europas\",\"publisher\":{\"@id\":\"https:\/\/villa-am-wasserpark.com\/en\/#organization\"},\"potentialAction\":[{\"@type\":\"SearchAction\",\"target\":{\"@type\":\"EntryPoint\",\"urlTemplate\":\"https:\/\/villa-am-wasserpark.com\/en\/?s={search_term_string}\"},\"query-input\":{\"@type\":\"PropertyValueSpecification\",\"valueRequired\":true,\"valueName\":\"search_term_string\"}}],\"inLanguage\":\"en-US\"},{\"@type\":\"Organization\",\"@id\":\"https:\/\/villa-am-wasserpark.com\/en\/#organization\",\"name\":\"Hotel Arena Villa am Wasserpark in Frankfurt\",\"url\":\"https:\/\/villa-am-wasserpark.com\/en\/\",\"logo\":{\"@type\":\"ImageObject\",\"inLanguage\":\"en-US\",\"@id\":\"https:\/\/villa-am-wasserpark.com\/en\/#\/schema\/logo\/image\/\",\"url\":\"https:\/\/villa-am-wasserpark.com\/wp-content\/uploads\/arena_logo_white.svg\",\"contentUrl\":\"https:\/\/villa-am-wasserpark.com\/wp-content\/uploads\/arena_logo_white.svg\",\"width\":1,\"height\":1,\"caption\":\"Hotel Arena Villa am Wasserpark in Frankfurt\"},\"image\":{\"@id\":\"https:\/\/villa-am-wasserpark.com\/en\/#\/schema\/logo\/image\/\"}}]}<\/script>\n<!-- \/ Yoast SEO plugin. -->","yoast_head_json":{"title":"Contact - Hotel Arena Villa am Wasserpark in Frankfurt","robots":{"index":"index","follow":"follow","max-snippet":"max-snippet:-1","max-image-preview":"max-image-preview:large","max-video-preview":"max-video-preview:-1"},"canonical":"https:\/\/villa-am-wasserpark.com\/en\/contact\/","og_locale":"en_US","og_type":"article","og_title":"Contact - Hotel Arena Villa am Wasserpark in Frankfurt","og_url":"https:\/\/villa-am-wasserpark.com\/en\/contact\/","og_site_name":"Hotel Arena Villa am Wasserpark in Frankfurt","article_modified_time":"2026-04-29T10:51:25+00:00","twitter_card":"summary_large_image","twitter_misc":{"Est. reading time":"2 minutes"},"schema":{"@context":"https:\/\/schema.org","@graph":[{"@type":"WebPage","@id":"https:\/\/villa-am-wasserpark.com\/en\/contact\/","url":"https:\/\/villa-am-wasserpark.com\/en\/contact\/","name":"Contact - Hotel Arena Villa am Wasserpark in Frankfurt","isPartOf":{"@id":"https:\/\/villa-am-wasserpark.com\/en\/#website"},"primaryImageOfPage":{"@id":"https:\/\/villa-am-wasserpark.com\/en\/contact\/#primaryimage"},"image":{"@id":"https:\/\/villa-am-wasserpark.com\/en\/contact\/#primaryimage"},"thumbnailUrl":"https:\/\/villa-am-wasserpark.com\/\/wp-content\/uploads\/QR-VCARD_VAW.png","datePublished":"2022-09-28T10:43:16+00:00","dateModified":"2026-04-29T10:51:25+00:00","breadcrumb":{"@id":"https:\/\/villa-am-wasserpark.com\/en\/contact\/#breadcrumb"},"inLanguage":"en-US","potentialAction":[{"@type":"ReadAction","target":["https:\/\/villa-am-wasserpark.com\/en\/contact\/"]}]},{"@type":"ImageObject","inLanguage":"en-US","@id":"https:\/\/villa-am-wasserpark.com\/en\/contact\/#primaryimage","url":"https:\/\/villa-am-wasserpark.com\/\/wp-content\/uploads\/QR-VCARD_VAW.png","contentUrl":"https:\/\/villa-am-wasserpark.com\/\/wp-content\/uploads\/QR-VCARD_VAW.png"},{"@type":"BreadcrumbList","@id":"https:\/\/villa-am-wasserpark.com\/en\/contact\/#breadcrumb","itemListElement":[{"@type":"ListItem","position":1,"name":"Startseite","item":"https:\/\/villa-am-wasserpark.com\/en\/"},{"@type":"ListItem","position":2,"name":"Contact"}]},{"@type":"WebSite","@id":"https:\/\/villa-am-wasserpark.com\/en\/#website","url":"https:\/\/villa-am-wasserpark.com\/en\/","name":"Hotel Arena Villa am Wasserpark in Frankfurt","description":"Moderne Stadthotels mit internationaler Atmosp\u00e4re in finanzieller Metropole Europas","publisher":{"@id":"https:\/\/villa-am-wasserpark.com\/en\/#organization"},"potentialAction":[{"@type":"SearchAction","target":{"@type":"EntryPoint","urlTemplate":"https:\/\/villa-am-wasserpark.com\/en\/?s={search_term_string}"},"query-input":{"@type":"PropertyValueSpecification","valueRequired":true,"valueName":"search_term_string"}}],"inLanguage":"en-US"},{"@type":"Organization","@id":"https:\/\/villa-am-wasserpark.com\/en\/#organization","name":"Hotel Arena Villa am Wasserpark in Frankfurt","url":"https:\/\/villa-am-wasserpark.com\/en\/","logo":{"@type":"ImageObject","inLanguage":"en-US","@id":"https:\/\/villa-am-wasserpark.com\/en\/#\/schema\/logo\/image\/","url":"https:\/\/villa-am-wasserpark.com\/wp-content\/uploads\/arena_logo_white.svg","contentUrl":"https:\/\/villa-am-wasserpark.com\/wp-content\/uploads\/arena_logo_white.svg","width":1,"height":1,"caption":"Hotel Arena Villa am Wasserpark in Frankfurt"},"image":{"@id":"https:\/\/villa-am-wasserpark.com\/en\/#\/schema\/logo\/image\/"}}]}},"_links":{"self":[{"href":"https:\/\/villa-am-wasserpark.com\/en\/wp-json\/wp\/v2\/pages\/276","targetHints":{"allow":["GET"]}}],"collection":[{"href":"https:\/\/villa-am-wasserpark.com\/en\/wp-json\/wp\/v2\/pages"}],"about":[{"href":"https:\/\/villa-am-wasserpark.com\/en\/wp-json\/wp\/v2\/types\/page"}],"author":[{"embeddable":true,"href":"https:\/\/villa-am-wasserpark.com\/en\/wp-json\/wp\/v2\/users\/1"}],"replies":[{"embeddable":true,"href":"https:\/\/villa-am-wasserpark.com\/en\/wp-json\/wp\/v2\/comments?post=276"}],"version-history":[{"count":333,"href":"https:\/\/villa-am-wasserpark.com\/en\/wp-json\/wp\/v2\/pages\/276\/revisions"}],"predecessor-version":[{"id":5845,"href":"https:\/\/villa-am-wasserpark.com\/en\/wp-json\/wp\/v2\/pages\/276\/revisions\/5845"}],"wp:attachment":[{"href":"https:\/\/villa-am-wasserpark.com\/en\/wp-json\/wp\/v2\/media?parent=276"}],"curies":[{"name":"wp","href":"https:\/\/api.w.org\/{rel}","templated":true}]}}