{"id":287,"date":"2022-09-28T10:48:45","date_gmt":"2022-09-28T08:48:45","guid":{"rendered":"https:\/\/villa-am-wasserpark.com\/\/online-registration-form\/"},"modified":"2022-09-29T14:13:55","modified_gmt":"2022-09-29T12:13:55","slug":"online-registration-form","status":"publish","type":"page","link":"https:\/\/villa-am-wasserpark.com\/en\/online-registration-form\/","title":{"rendered":"Online registration form"},"content":{"rendered":"<section  class='av_textblock_section av-l8ldxbue-8ecfac7430844a5e665aec8ab40111de '   itemscope=\"itemscope\" itemtype=\"https:\/\/schema.org\/CreativeWork\" ><div class='avia_textblock'  itemprop=\"text\" >\n<div class=\"wpcf7 no-js\" id=\"wpcf7-f76-o1\" lang=\"de-DE\" dir=\"ltr\" data-wpcf7-id=\"76\">\n<div class=\"screen-reader-response\"><p role=\"status\" aria-live=\"polite\" aria-atomic=\"true\"><\/p> <ul><\/ul><\/div>\n<form action=\"\/en\/wp-json\/wp\/v2\/pages\/287#wpcf7-f76-o1\" method=\"post\" class=\"wpcf7-form init\" aria-label=\"Kontaktformular\" novalidate=\"novalidate\" data-status=\"init\">\n<fieldset class=\"hidden-fields-container\"><input type=\"hidden\" name=\"_wpcf7\" value=\"76\" \/><input type=\"hidden\" name=\"_wpcf7_version\" value=\"6.1.3\" \/><input type=\"hidden\" name=\"_wpcf7_locale\" value=\"de_DE\" \/><input type=\"hidden\" name=\"_wpcf7_unit_tag\" value=\"wpcf7-f76-o1\" \/><input type=\"hidden\" name=\"_wpcf7_container_post\" value=\"0\" \/><input type=\"hidden\" name=\"_wpcf7_posted_data_hash\" value=\"\" \/><input type=\"hidden\" name=\"_wpcf7_recaptcha_response\" value=\"\" \/>\n<\/fieldset>\n<p><label> Anreise \/ Arrival \/ \u0414\u0430\u0442\u0430 \u043f\u0440\u0438\u0431\u044b\u0442\u0438\u044f* <span class=\"wpcf7-form-control-wrap\" data-name=\"Anreise\"><input class=\"wpcf7-form-control wpcf7-date wpcf7-validates-as-required wpcf7-validates-as-date\" id=\"anreise\" aria-required=\"true\" aria-invalid=\"false\" value=\"\" type=\"date\" name=\"Anreise\" \/><\/span> <\/label>\n<\/p>\n<p><label> Abreise \/ Departure \/ \u0414\u0430\u0442\u0430 \u043e\u0442\u044a\u0435\u0437\u0434\u0430* <span class=\"wpcf7-form-control-wrap\" data-name=\"Abreise\"><input class=\"wpcf7-form-control wpcf7-date wpcf7-validates-as-required wpcf7-validates-as-date\" id=\"abreise\" aria-required=\"true\" aria-invalid=\"false\" value=\"\" type=\"date\" name=\"Abreise\" \/><\/span> <\/label>\n<\/p>\n<p><span class=\"wpcf7-form-control-wrap\" data-name=\"Buchung\"><input size=\"40\" maxlength=\"400\" class=\"wpcf7-form-control wpcf7-text\" id=\"buchungnr\" aria-invalid=\"false\" placeholder=\"Buchungsnummer \/ Booking number \/ H\u043e\u043c\u0435\u0440 \u0431\u0440\u043e\u043d\u0438\" value=\"\" type=\"text\" name=\"Buchung\" \/><\/span>\n<\/p>\n<p><span class=\"wpcf7-form-control-wrap\" data-name=\"Geschlecht\"><span class=\"wpcf7-form-control wpcf7-radio\"><span class=\"wpcf7-list-item first\"><label><input type=\"radio\" name=\"Geschlecht\" value=\"m\u00e4nnlich \/ male \/ \u043c\u0443\u0436\u0441\u043a\u043e\u0439\" \/><span class=\"wpcf7-list-item-label\">m\u00e4nnlich \/ male \/ \u043c\u0443\u0436\u0441\u043a\u043e\u0439<\/span><\/label><\/span><span class=\"wpcf7-list-item last\"><label><input type=\"radio\" name=\"Geschlecht\" value=\"weiblich \/ female \/ \u0436\u0435\u043d\u0441\u043a\u0438\u0439\" \/><span class=\"wpcf7-list-item-label\">weiblich \/ female \/ \u0436\u0435\u043d\u0441\u043a\u0438\u0439<\/span><\/label><\/span><\/span><\/span><br \/>\n<span class=\"wpcf7-form-control-wrap\" data-name=\"Vorname\"><input size=\"40\" maxlength=\"400\" class=\"wpcf7-form-control wpcf7-text wpcf7-validates-as-required\" id=\"vorname\" aria-required=\"true\" aria-invalid=\"false\" placeholder=\"Vorname \/ First name \/ \u0418\u043c\u044f*\" value=\"\" type=\"text\" name=\"Vorname\" \/><\/span><br \/>\n<span class=\"wpcf7-form-control-wrap\" data-name=\"Nachname\"><input size=\"40\" maxlength=\"400\" class=\"wpcf7-form-control wpcf7-text wpcf7-validates-as-required\" id=\"nachname\" aria-required=\"true\" aria-invalid=\"false\" placeholder=\"Nachname \/ Last name \/ \u0424\u0430\u043c\u0438\u043b\u0438\u044f*\" value=\"\" type=\"text\" name=\"Nachname\" \/><\/span>\n<\/p>\n<p><span class=\"wpcf7-form-control-wrap\" data-name=\"Strasse\"><input size=\"40\" maxlength=\"400\" class=\"wpcf7-form-control wpcf7-text wpcf7-validates-as-required\" id=\"strasse\" aria-required=\"true\" aria-invalid=\"false\" placeholder=\"Strasse Hausnummer \/ Street Number \/ \u0423\u043b\u0438\u0446\u0430, \u043d\u043e\u043c\u0435\u0440 \u0434\u043e\u043c\u0430*\" value=\"\" type=\"text\" name=\"Strasse\" \/><\/span><br \/>\n<span class=\"wpcf7-form-control-wrap\" data-name=\"PLZ\"><input size=\"40\" maxlength=\"400\" class=\"wpcf7-form-control wpcf7-text wpcf7-validates-as-required\" id=\"plz\" aria-required=\"true\" aria-invalid=\"false\" placeholder=\"Postleitzahl \/ Postal code \/ \u041f\u043e\u0447\u0442\u043e\u0432\u044b\u0439 \u0438\u043d\u0434\u0435\u043a\u0441*\" value=\"\" type=\"text\" name=\"PLZ\" \/><\/span><br \/>\n<span class=\"wpcf7-form-control-wrap\" data-name=\"Wohnort\"><input size=\"40\" maxlength=\"400\" class=\"wpcf7-form-control wpcf7-text wpcf7-validates-as-required\" id=\"wohnort\" aria-required=\"true\" aria-invalid=\"false\" placeholder=\"Wohnort \/ Place of residence \/ \u0413\u043e\u0440\u043e\u0434*\" value=\"\" type=\"text\" name=\"Wohnort\" \/><\/span><br \/>\n<span class=\"wpcf7-form-control-wrap\" data-name=\"Staat\"><input size=\"40\" maxlength=\"400\" class=\"wpcf7-form-control wpcf7-text wpcf7-validates-as-required\" id=\"staat\" aria-required=\"true\" aria-invalid=\"false\" placeholder=\"Staat \/ Country \/ \u0421\u0442\u0440\u0430\u043d\u0430*\" value=\"\" type=\"text\" name=\"Staat\" \/><\/span>\n<\/p>\n<p><label> Geburtsdatum \/ Date of birth \/ \u0414\u0430\u0442\u0430 \u0440\u043e\u0436\u0434\u0435\u043d\u0438\u044f*<br \/>\n<span class=\"wpcf7-form-control-wrap\" data-name=\"Geburtsdatum\"><input class=\"wpcf7-form-control wpcf7-date wpcf7-validates-as-required wpcf7-validates-as-date\" id=\"geburtsdatum\" aria-required=\"true\" aria-invalid=\"false\" placeholder=\"Geburtsdatum*\" value=\"\" type=\"date\" name=\"Geburtsdatum\" \/><\/span> <\/label><br \/>\n<span class=\"wpcf7-form-control-wrap\" data-name=\"Geburtsort\"><input size=\"40\" maxlength=\"400\" class=\"wpcf7-form-control wpcf7-text wpcf7-validates-as-required\" id=\"geburtsort\" aria-required=\"true\" aria-invalid=\"false\" placeholder=\"Geburtsort \/ Place of birth \/ \u041c\u0435\u0441\u0442\u043e \u0440\u043e\u0436\u0434\u0435\u043d\u0438\u044f*\" value=\"\" type=\"text\" name=\"Geburtsort\" \/><\/span>\n<\/p>\n<p><span class=\"wpcf7-form-control-wrap\" data-name=\"Staatsangehoerigkeit\"><input size=\"40\" maxlength=\"400\" class=\"wpcf7-form-control wpcf7-text wpcf7-validates-as-required\" id=\"staatsangehoerigkeit\" aria-required=\"true\" aria-invalid=\"false\" placeholder=\"Staatsangeh\u00f6rigkeit \/ Nationality \/ \u041d\u0430\u0446\u0438\u043e\u043d\u0430\u043b\u044c\u043d\u043e\u0441\u0442\u044c*\" value=\"\" type=\"text\" name=\"Staatsangehoerigkeit\" \/><\/span>\n<\/p>\n<p><span class=\"wpcf7-form-control-wrap\" data-name=\"Telefon\"><input size=\"40\" maxlength=\"400\" class=\"wpcf7-form-control wpcf7-tel wpcf7-validates-as-required wpcf7-text wpcf7-validates-as-tel\" id=\"telefon\" aria-required=\"true\" aria-invalid=\"false\" placeholder=\"Telefon \/Fon \/T\u0435\u043b\u0435\u0444\u043e\u043d*\" value=\"\" type=\"tel\" name=\"Telefon\" \/><\/span><br \/>\n<span class=\"wpcf7-form-control-wrap\" data-name=\"E-Mail\"><input size=\"40\" maxlength=\"400\" class=\"wpcf7-form-control wpcf7-email wpcf7-validates-as-required wpcf7-text wpcf7-validates-as-email\" id=\"email\" aria-required=\"true\" aria-invalid=\"false\" placeholder=\"E-Mail \/ e-mail \/ \u044d\u043b\u0435\u043a\u0442\u0440\u043e\u043d\u043d\u0430\u044f \u043f\u043e\u0447\u0442\u0430*\" value=\"\" type=\"email\" name=\"E-Mail\" \/><\/span>\n<\/p>\n<p><span class=\"wpcf7-form-control-wrap\" data-name=\"Passnummer\"><input size=\"40\" maxlength=\"400\" class=\"wpcf7-form-control wpcf7-text wpcf7-validates-as-required\" id=\"passnummer\" aria-required=\"true\" aria-invalid=\"false\" placeholder=\"Passnummer \/ Passport number \/ \u041d\u043e\u043c\u0435\u0440 \u043f\u0430\u0441\u043f\u043e\u0440\u0442\u0430*\" value=\"\" type=\"text\" name=\"Passnummer\" \/><\/span>\n<\/p>\n<h3>Tourismusabgabe Frankfurt am Main\n<\/h3>\n<p>(Tourist tax Frankfurt am Main \/ \u0422\u0443\u0440\u0438\u0437\u043cusabgabe \u0424\u0440\u0430\u043d\u043a\u0444\u0443\u0440\u0442-\u043d\u0430-\u041c\u0430\u0439\u043d\u0435)\n<\/p>\n<p>Was ist der Grund ihres Aufenthaltes \/ What is the reason of your stay \/ \u041a\u0430\u043a\u0430\u044f \u043f\u0440\u0438\u0447\u0438\u043d\u0430 \u0432\u0430\u0448\u0435\u0433\u043e \u043f\u0440\u0435\u0431\u044b\u0432\u0430\u043d\u0438\u044f\n<\/p>\n<p><span class=\"wpcf7-form-control-wrap\" data-name=\"privat\"><span class=\"wpcf7-form-control wpcf7-radio\" id=\"privat\"><span class=\"wpcf7-list-item first\"><input type=\"radio\" name=\"privat\" value=\"Privat \/ private \/ en priv\u00e9 \/ \u0427\u0430\u0441\u0442\u043d\u044b\u0439\" \/><span class=\"wpcf7-list-item-label\">Privat \/ private \/ en priv\u00e9 \/ \u0427\u0430\u0441\u0442\u043d\u044b\u0439<\/span><\/span><span class=\"wpcf7-list-item last\"><input type=\"radio\" name=\"privat\" value=\"gesch\u00e4ftlich \/ business \/ affaires \/ \u0431\u0438\u0437\u043d\u0435\u0441\" \/><span class=\"wpcf7-list-item-label\">gesch\u00e4ftlich \/ business \/ affaires \/ \u0431\u0438\u0437\u043d\u0435\u0441<\/span><\/span><\/span><\/span>\n<\/p>\n<p>Wenn gesch\u00e4ftlich bitte Firmenanschrift angeben. \/ If it is for business purposes, please give company address. \/ \u0415\u0441\u043b\u0438 \u0431\u0438\u0437\u043d\u0435\u0441, \u043f\u043e\u0436\u0430\u043b\u0443\u0439\u0441\u0442\u0430, \u0443\u043a\u0430\u0436\u0438\u0442\u0435 \u0430\u0434\u0440\u0435\u0441 \u043a\u043e\u043c\u043f\u0430\u043d\u0438\u0438.\n<\/p>\n<p><span class=\"wpcf7-form-control-wrap\" data-name=\"Firmenname\"><input size=\"40\" maxlength=\"400\" class=\"wpcf7-form-control wpcf7-text\" id=\"firma-name\" aria-invalid=\"false\" placeholder=\"Firmenname \/ Company name \/ \u041d\u0430\u0437\u0432\u0430\u043d\u0438\u0435 \u043a\u043e\u043c\u043f\u0430\u043d\u0438\u0438\" value=\"\" type=\"text\" name=\"Firmenname\" \/><\/span><br \/>\n<span class=\"wpcf7-form-control-wrap\" data-name=\"FStrasse\"><input size=\"40\" maxlength=\"400\" class=\"wpcf7-form-control wpcf7-text\" id=\"firma-strasse\" aria-invalid=\"false\" placeholder=\"Strasse Hausnummer \/ Street Number \/ \u0423\u043b\u0438\u0446\u0430, \u043d\u043e\u043c\u0435\u0440 \u0434\u043e\u043c\u0430\" value=\"\" type=\"text\" name=\"FStrasse\" \/><\/span><br \/>\n<span class=\"wpcf7-form-control-wrap\" data-name=\"FPLZ\"><input size=\"40\" maxlength=\"400\" class=\"wpcf7-form-control wpcf7-text\" id=\"firma-plz\" aria-invalid=\"false\" placeholder=\"Postleitzahl \/ Postal code \/ \u041f\u043e\u0447\u0442\u043e\u0432\u044b\u0439 \u0438\u043d\u0434\u0435\u043a\u0441\" value=\"\" type=\"text\" name=\"FPLZ\" \/><\/span><br \/>\n<span class=\"wpcf7-form-control-wrap\" data-name=\"Ort\"><input size=\"40\" maxlength=\"400\" class=\"wpcf7-form-control wpcf7-text\" id=\"firma-ort\" aria-invalid=\"false\" placeholder=\"Ort \/ City \/ \u0413\u043e\u0440\u043e\u0434\" value=\"\" type=\"text\" name=\"Ort\" \/><\/span>\n<\/p>\n<div id=\"touris\">\n\t<p>Die Daten werden zur Entrichtung des Tourismusbeitrages erhoben. Bei beruflichen Aufenthalten ist auf dem Meldeschein der Arbeitgeber oder die Arbeitgeberin und dessen\/deren Anschrift anzugeben. Die Angaben k\u00f6nnen vom Kassen- und Steueramt der Stadt Frankfurt am Main \u00fcberpr\u00fcft werden. Bei fehlenden Angaben ist der Tourismusbeitrag einzuziehen und an die Stadt Frankfurt am Main abzuf\u00fchren.\n\t<\/p>\n\t<p>Ich bin damit einverstanden, dass die von mir angegebenen personenbezogenen Daten zur Bearbeitung meiner Hotelbuchung: der Bereitstellung der gebuchten Leistungen, der Kommunikation mit mir, der Abrechnung u.\u00e4. verwendet werden. Eine Weitergabe an Dritte erfolgt nicht. Nach der Beendigung meines Aufenthalts und der Vollst\u00e4ndigen Abrechnung werden die erhobenen Daten gel\u00f6scht, soweit die gesetzlichen Vorschriften keine l\u00e4ngere Aufbewahrung erforderlich machen.\n\t<\/p>\n<\/div>\n<div id=\"nichtraucher\">\n\t<h3>Nichtraucherhotel!!!\n\t<\/h3>\n\t<p>Der gesamte Hotelbereich ist rauchfreie Zone.<br \/>\nBei Zuwiderhandlung wird eine Reinigungsgeb\u00fchr i.d.H. von 100 Euro erhoben.\n\t<\/p>\n\t<h3>Brandschutz!!!\n\t<\/h3>\n\t<p>Die Manipulation der Brandmeldeanlage sowie der Brand- und Rauchmelder ist streng verboten und wird zivil- sowie strafrechtlich verfolgt und zur Anzeige gebracht.<br \/>\nBitte bedenken Sie, Sie bringen dadurch das Leben Anderer und auch ihr eigenes in Gefahr.\n\t<\/p>\n<hr \/>\n\t<h3>Non Smoking Hotel!!!\n\t<\/h3>\n\t<p>This is a 100% smoke free environment.<br \/>\nA 100 Euro cleaning fee will be charged for smoking in the rooms or floors.\n\t<\/p>\n\t<h3>Fire protection!!!\n\t<\/h3>\n\t<p>The manipulation of the fire detection system as well as the fire and smoke detectors is strictly forbidden and will be prosecuted and brought to the attention of both civil and criminal law.<br \/>\nPlease bear in mind that you risk the lives of others and your own.\n\t<\/p>\n<hr \/>\n\t<h3>\u041e\u0442\u0435\u043b\u044c \u0434\u043b\u044f \u043d\u0435\u043a\u0443\u0440\u044f\u0449\u0438\u0445!!!\n\t<\/h3>\n\t<p>\u0412\u0441\u044f \u0442\u0435\u0440\u0440\u0438\u0442\u043e\u0440\u0438\u044f \u043e\u0442\u0435\u043b\u044f \u044f\u0432\u043b\u044f\u0435\u0442\u0441\u044f \u0437\u043e\u043d\u043e\u0439, \u0441\u0432\u043e\u0431\u043e\u0434\u043d\u043e\u0439 \u043e\u0442 \u0442\u0430\u0431\u0430\u0447\u043d\u043e\u0433\u043e \u0434\u044b\u043c\u0430.<br \/>\n\u0412 \u0441\u043b\u0443\u0447\u0430\u0435 \u043d\u0430\u0440\u0443\u0448\u0435\u043d\u0438\u044f \u043f\u043b\u0430\u0442\u0430 \u0437\u0430 \u0443\u0431\u043e\u0440\u043a\u0443 i.d.H. \u0432\u0437\u0438\u043c\u0430\u0435\u0442\u0441\u044f \u043e\u0442 100 \u0435\u0432\u0440\u043e.\n\t<\/p>\n\t<h3>\u041f\u0440\u043e\u0442\u0438\u0432\u043e\u043f\u043e\u0436\u0430\u0440\u043d\u0430\u044f \u0437\u0430\u0449\u0438\u0442\u0430!!!\n\t<\/h3>\n\t<p>\u041c\u0430\u043d\u0438\u043f\u0443\u043b\u044f\u0446\u0438\u0438 \u0441 \u0441\u0438\u0441\u0442\u0435\u043c\u043e\u0439 \u043f\u043e\u0436\u0430\u0440\u043d\u043e\u0439 \u0441\u0438\u0433\u043d\u0430\u043b\u0438\u0437\u0430\u0446\u0438\u0438, \u0430 \u0442\u0430\u043a\u0436\u0435 \u0434\u0430\u0442\u0447\u0438\u043a\u0430\u043c\u0438 \u043e\u0433\u043d\u044f \u0438 \u0434\u044b\u043c\u0430 \u0441\u0442\u0440\u043e\u0433\u043e \u0437\u0430\u043f\u0440\u0435\u0449\u0435\u043d\u044b \u0438 \u0431\u0443\u0434\u0443\u0442 \u043f\u0440\u0435\u0441\u043b\u0435\u0434\u043e\u0432\u0430\u0442\u044c\u0441\u044f \u0432 \u0441\u0443\u0434\u0435\u0431\u043d\u043e\u043c \u043f\u043e\u0440\u044f\u0434\u043a\u0435 \u0438 \u0441\u043e\u043e\u0431\u0449\u0430\u0442\u044c\u0441\u044f \u0432 \u0441\u043e\u043e\u0442\u0432\u0435\u0442\u0441\u0442\u0432\u0438\u0438 \u0441 \u0433\u0440\u0430\u0436\u0434\u0430\u043d\u0441\u043a\u0438\u043c \u0438 \u0443\u0433\u043e\u043b\u043e\u0432\u043d\u044b\u043c \u0437\u0430\u043a\u043e\u043d\u043e\u0434\u0430\u0442\u0435\u043b\u044c\u0441\u0442\u0432\u043e\u043c. \u041f\u043e\u0436\u0430\u043b\u0443\u0439\u0441\u0442\u0430, \u043f\u043e\u043c\u043d\u0438\u0442\u0435, \u0447\u0442\u043e, \u043f\u043e\u0441\u0442\u0443\u043f\u0430\u044f \u0442\u0430\u043a, \u0432\u044b \u043f\u043e\u0434\u0432\u0435\u0440\u0433\u0430\u0435\u0442\u0435 \u0440\u0438\u0441\u043a\u0443 \u0436\u0438\u0437\u043d\u0438 \u0434\u0440\u0443\u0433\u0438\u0445 \u0438 \u0441\u0432\u043e\u044e \u0441\u043e\u0431\u0441\u0442\u0432\u0435\u043d\u043d\u0443\u044e.\n\t<\/p>\n<\/div>\n<p><label> Bemerkung \/ Notice \/ \u0437\u0430\u043c\u0435\u0447\u0430\u043d\u0438\u0435<br \/>\n<span class=\"wpcf7-form-control-wrap\" data-name=\"bemerkung\"><textarea cols=\"40\" rows=\"10\" maxlength=\"2000\" class=\"wpcf7-form-control wpcf7-textarea\" aria-invalid=\"false\" name=\"bemerkung\"><\/textarea><\/span> <\/label>\n<\/p>\n<p><span class=\"wpcf7-form-control-wrap\" data-name=\"AGB\"><span class=\"wpcf7-form-control wpcf7-acceptance\"><span class=\"wpcf7-list-item\"><label><input type=\"checkbox\" name=\"AGB\" value=\"1\" id=\"agb\" aria-invalid=\"false\" \/><span class=\"wpcf7-list-item-label\">Ich akzeptiere die <a href=\"F:\\htdocs\\arena_vaw\\wp-content\\uploads\/AGB_VAW.pdf\" target=\"_blank\" rel=\"noopener\">Allgemeinen Gesch\u00e4ftsbedingungen<\/a> des Hotel Arena Villa am Wasserpark \/ I accept the <a href=\"F:\\htdocs\\arena_vaw\\wp-content\\uploads\/AGB_VAW.pdf\" target=\"_blank\" rel=\"noopener\">terms and conditions<\/a> of Hotel Arena Villa am Wasserpark \/ \u042f \u043f\u0440\u0438\u043d\u0438\u043c\u0430\u044e <a href=\"F:\\htdocs\\arena_vaw\\wp-content\\uploads\/AGB_VAW.pdf\" target=\"_blank\" rel=\"noopener\">\u0423\u0441\u043b\u043e\u0432\u0438\u044f \u0438\u0441\u043f\u043e\u043b\u044c\u0437\u043e\u0432\u0430\u043d\u0438\u044f<\/a> \u043e\u0442\u0435\u043b\u044f Arena Villa am Wasserpark<\/span><\/label><\/span><\/span><\/span>\n<\/p>\n<p>Datum \/ Date \/ \u0414\u0430\u0442\u0430* <span class=\"wpcf7-form-control-wrap\" data-name=\"Datum\"><input class=\"wpcf7-form-control wpcf7-date wpcf7-validates-as-required wpcf7-validates-as-date\" id=\"datum\" aria-required=\"true\" aria-invalid=\"false\" value=\"2026-05-01\" type=\"date\" name=\"Datum\" \/><\/span>\n<\/p>\n<p>Unterschrift \/ Signature \/ \u041f\u043e\u0434\u043f\u0438\u0441\u044c<br \/>\n<div class=\"wpcf7-form-control-signature-global-wrap\" data-field-id=\"Signature\">\n\t\t\t\t<div class=\"wpcf7-form-control-signature-wrap\" style=\"width:500px;height:200px;\">\n\t\t\t\t\t<div class=\"wpcf7-form-control-signature-body\">\n\t\t\t\t\t\t<canvas class=\"Signature\"><\/canvas>\n\t\t\t\t\t<\/div>\n\t\t\t\t<\/div>\n\t\t\t\t<div class=\"wpcf7-form-control-clear-wrap\">\n\t\t\t\t\t<input id=\"wpcf7_Signature_clear\" type=\"button\" value=\"Clear\"\/>\n\t\t\t\t<\/div>\n\t\t\t<\/div>\n\t\t\t<span class=\"wpcf7-form-control-wrap wpcf7-form-control-signature-input-wrap Signature\">\n\t\t\t\t<input aria-required=\"true\" aria-invalid=\"false\" value=\"\" type=\"hidden\" name=\"Signature\" id=\"wpcf7_input_Signature\"\/><input type=\"hidden\" name=\"Signature-attachment\" id=\"wpcf7_input_Signature_attachment\"\/><input type=\"hidden\" name=\"Signature-inline\" id=\"wpcf7_input_Signature_inline\"\/>\n\t\t\t<\/span>\n\t\t\t\n<\/p>\n<p><input class=\"wpcf7-form-control wpcf7-submit has-spinner\" type=\"submit\" value=\"Senden \/ Submit \/ \u041e\u0442\u043f\u0440\u0430\u0432\u0438\u0442\u044c\" \/>\n<\/p><div class=\"wpcf7-response-output\" aria-hidden=\"true\"><\/div>\n<\/form>\n<\/div>\n\n<\/div><\/section>\n","protected":false},"excerpt":{"rendered":"","protected":false},"author":1,"featured_media":0,"parent":0,"menu_order":0,"comment_status":"closed","ping_status":"closed","template":"","meta":{"footnotes":""},"class_list":["post-287","page","type-page","status-publish","hentry"],"yoast_head":"<!-- This site is optimized with the Yoast SEO plugin v26.2 - https:\/\/yoast.com\/wordpress\/plugins\/seo\/ -->\n<title>Online registration form - Hotel Arena Villa am Wasserpark in Frankfurt<\/title>\n<meta name=\"robots\" content=\"index, follow, max-snippet:-1, max-image-preview:large, max-video-preview:-1\" \/>\n<link rel=\"canonical\" href=\"https:\/\/villa-am-wasserpark.com\/en\/online-registration-form\/\" \/>\n<meta property=\"og:locale\" content=\"en_US\" \/>\n<meta property=\"og:type\" content=\"article\" \/>\n<meta property=\"og:title\" content=\"Online registration form - Hotel Arena Villa am Wasserpark in Frankfurt\" \/>\n<meta property=\"og:url\" content=\"https:\/\/villa-am-wasserpark.com\/en\/online-registration-form\/\" \/>\n<meta property=\"og:site_name\" content=\"Hotel Arena Villa am Wasserpark in Frankfurt\" \/>\n<meta property=\"article:modified_time\" content=\"2022-09-29T12:13:55+00:00\" \/>\n<meta name=\"twitter:card\" content=\"summary_large_image\" \/>\n<script type=\"application\/ld+json\" class=\"yoast-schema-graph\">{\"@context\":\"https:\/\/schema.org\",\"@graph\":[{\"@type\":\"WebPage\",\"@id\":\"https:\/\/villa-am-wasserpark.com\/en\/online-registration-form\/\",\"url\":\"https:\/\/villa-am-wasserpark.com\/en\/online-registration-form\/\",\"name\":\"Online registration form - Hotel Arena Villa am Wasserpark in Frankfurt\",\"isPartOf\":{\"@id\":\"https:\/\/villa-am-wasserpark.com\/en\/#website\"},\"datePublished\":\"2022-09-28T08:48:45+00:00\",\"dateModified\":\"2022-09-29T12:13:55+00:00\",\"breadcrumb\":{\"@id\":\"https:\/\/villa-am-wasserpark.com\/en\/online-registration-form\/#breadcrumb\"},\"inLanguage\":\"en-US\",\"potentialAction\":[{\"@type\":\"ReadAction\",\"target\":[\"https:\/\/villa-am-wasserpark.com\/en\/online-registration-form\/\"]}]},{\"@type\":\"BreadcrumbList\",\"@id\":\"https:\/\/villa-am-wasserpark.com\/en\/online-registration-form\/#breadcrumb\",\"itemListElement\":[{\"@type\":\"ListItem\",\"position\":1,\"name\":\"Startseite\",\"item\":\"https:\/\/villa-am-wasserpark.com\/en\/\"},{\"@type\":\"ListItem\",\"position\":2,\"name\":\"Online registration form\"}]},{\"@type\":\"WebSite\",\"@id\":\"https:\/\/villa-am-wasserpark.com\/en\/#website\",\"url\":\"https:\/\/villa-am-wasserpark.com\/en\/\",\"name\":\"Hotel Arena Villa am Wasserpark in Frankfurt\",\"description\":\"Moderne Stadthotels mit internationaler Atmosp\u00e4re in finanzieller Metropole Europas\",\"publisher\":{\"@id\":\"https:\/\/villa-am-wasserpark.com\/en\/#organization\"},\"potentialAction\":[{\"@type\":\"SearchAction\",\"target\":{\"@type\":\"EntryPoint\",\"urlTemplate\":\"https:\/\/villa-am-wasserpark.com\/en\/?s={search_term_string}\"},\"query-input\":{\"@type\":\"PropertyValueSpecification\",\"valueRequired\":true,\"valueName\":\"search_term_string\"}}],\"inLanguage\":\"en-US\"},{\"@type\":\"Organization\",\"@id\":\"https:\/\/villa-am-wasserpark.com\/en\/#organization\",\"name\":\"Hotel Arena Villa am Wasserpark in Frankfurt\",\"url\":\"https:\/\/villa-am-wasserpark.com\/en\/\",\"logo\":{\"@type\":\"ImageObject\",\"inLanguage\":\"en-US\",\"@id\":\"https:\/\/villa-am-wasserpark.com\/en\/#\/schema\/logo\/image\/\",\"url\":\"https:\/\/villa-am-wasserpark.com\/wp-content\/uploads\/arena_logo_white.svg\",\"contentUrl\":\"https:\/\/villa-am-wasserpark.com\/wp-content\/uploads\/arena_logo_white.svg\",\"width\":1,\"height\":1,\"caption\":\"Hotel Arena Villa am Wasserpark in Frankfurt\"},\"image\":{\"@id\":\"https:\/\/villa-am-wasserpark.com\/en\/#\/schema\/logo\/image\/\"}}]}<\/script>\n<!-- \/ Yoast SEO plugin. -->","yoast_head_json":{"title":"Online registration form - Hotel Arena Villa am Wasserpark in Frankfurt","robots":{"index":"index","follow":"follow","max-snippet":"max-snippet:-1","max-image-preview":"max-image-preview:large","max-video-preview":"max-video-preview:-1"},"canonical":"https:\/\/villa-am-wasserpark.com\/en\/online-registration-form\/","og_locale":"en_US","og_type":"article","og_title":"Online registration form - Hotel Arena Villa am Wasserpark in Frankfurt","og_url":"https:\/\/villa-am-wasserpark.com\/en\/online-registration-form\/","og_site_name":"Hotel Arena Villa am Wasserpark in Frankfurt","article_modified_time":"2022-09-29T12:13:55+00:00","twitter_card":"summary_large_image","schema":{"@context":"https:\/\/schema.org","@graph":[{"@type":"WebPage","@id":"https:\/\/villa-am-wasserpark.com\/en\/online-registration-form\/","url":"https:\/\/villa-am-wasserpark.com\/en\/online-registration-form\/","name":"Online registration form - Hotel Arena Villa am Wasserpark in Frankfurt","isPartOf":{"@id":"https:\/\/villa-am-wasserpark.com\/en\/#website"},"datePublished":"2022-09-28T08:48:45+00:00","dateModified":"2022-09-29T12:13:55+00:00","breadcrumb":{"@id":"https:\/\/villa-am-wasserpark.com\/en\/online-registration-form\/#breadcrumb"},"inLanguage":"en-US","potentialAction":[{"@type":"ReadAction","target":["https:\/\/villa-am-wasserpark.com\/en\/online-registration-form\/"]}]},{"@type":"BreadcrumbList","@id":"https:\/\/villa-am-wasserpark.com\/en\/online-registration-form\/#breadcrumb","itemListElement":[{"@type":"ListItem","position":1,"name":"Startseite","item":"https:\/\/villa-am-wasserpark.com\/en\/"},{"@type":"ListItem","position":2,"name":"Online registration form"}]},{"@type":"WebSite","@id":"https:\/\/villa-am-wasserpark.com\/en\/#website","url":"https:\/\/villa-am-wasserpark.com\/en\/","name":"Hotel Arena Villa am Wasserpark in Frankfurt","description":"Moderne Stadthotels mit internationaler Atmosp\u00e4re in finanzieller Metropole Europas","publisher":{"@id":"https:\/\/villa-am-wasserpark.com\/en\/#organization"},"potentialAction":[{"@type":"SearchAction","target":{"@type":"EntryPoint","urlTemplate":"https:\/\/villa-am-wasserpark.com\/en\/?s={search_term_string}"},"query-input":{"@type":"PropertyValueSpecification","valueRequired":true,"valueName":"search_term_string"}}],"inLanguage":"en-US"},{"@type":"Organization","@id":"https:\/\/villa-am-wasserpark.com\/en\/#organization","name":"Hotel Arena Villa am Wasserpark in Frankfurt","url":"https:\/\/villa-am-wasserpark.com\/en\/","logo":{"@type":"ImageObject","inLanguage":"en-US","@id":"https:\/\/villa-am-wasserpark.com\/en\/#\/schema\/logo\/image\/","url":"https:\/\/villa-am-wasserpark.com\/wp-content\/uploads\/arena_logo_white.svg","contentUrl":"https:\/\/villa-am-wasserpark.com\/wp-content\/uploads\/arena_logo_white.svg","width":1,"height":1,"caption":"Hotel Arena Villa am Wasserpark in Frankfurt"},"image":{"@id":"https:\/\/villa-am-wasserpark.com\/en\/#\/schema\/logo\/image\/"}}]}},"_links":{"self":[{"href":"https:\/\/villa-am-wasserpark.com\/en\/wp-json\/wp\/v2\/pages\/287","targetHints":{"allow":["GET"]}}],"collection":[{"href":"https:\/\/villa-am-wasserpark.com\/en\/wp-json\/wp\/v2\/pages"}],"about":[{"href":"https:\/\/villa-am-wasserpark.com\/en\/wp-json\/wp\/v2\/types\/page"}],"author":[{"embeddable":true,"href":"https:\/\/villa-am-wasserpark.com\/en\/wp-json\/wp\/v2\/users\/1"}],"replies":[{"embeddable":true,"href":"https:\/\/villa-am-wasserpark.com\/en\/wp-json\/wp\/v2\/comments?post=287"}],"version-history":[{"count":3,"href":"https:\/\/villa-am-wasserpark.com\/en\/wp-json\/wp\/v2\/pages\/287\/revisions"}],"predecessor-version":[{"id":291,"href":"https:\/\/villa-am-wasserpark.com\/en\/wp-json\/wp\/v2\/pages\/287\/revisions\/291"}],"wp:attachment":[{"href":"https:\/\/villa-am-wasserpark.com\/en\/wp-json\/wp\/v2\/media?parent=287"}],"curies":[{"name":"wp","href":"https:\/\/api.w.org\/{rel}","templated":true}]}}